{"id":3992,"date":"2024-05-13T12:37:54","date_gmt":"2024-05-13T11:37:54","guid":{"rendered":"https:\/\/stg8921.stroomgenoten.be\/page-de-destination\/"},"modified":"2025-01-24T16:56:25","modified_gmt":"2025-01-24T15:56:25","slug":"page-de-destination","status":"publish","type":"page","link":"https:\/\/stg8921.aws.stroomgenoten.be\/fr\/","title":{"rendered":"Page de destination"},"content":{"rendered":"\t\t<div data-elementor-type=\"wp-page\" data-elementor-id=\"3992\" class=\"elementor elementor-3992 elementor-3789\" data-elementor-post-type=\"page\">\n\t\t\t\t<div class=\"elementor-element elementor-element-fdf5452 e-flex e-con-boxed e-con e-parent\" data-id=\"fdf5452\" data-element_type=\"container\">\n\t\t\t\t\t<div class=\"e-con-inner\">\n\t\t<div class=\"elementor-element elementor-element-61d17ac e-flex e-con-boxed e-con e-child\" data-id=\"61d17ac\" data-element_type=\"container\" data-settings=\"{&quot;background_background&quot;:&quot;classic&quot;}\">\n\t\t\t\t\t<div class=\"e-con-inner\">\n\t\t\t\t<div class=\"elementor-element elementor-element-f4018ff elementor-widget__width-initial elementor-widget elementor-widget-heading\" data-id=\"f4018ff\" data-element_type=\"widget\" data-widget_type=\"heading.default\">\n\t\t\t\t<div class=\"elementor-widget-container\">\n\t\t\t\t\t<h2 class=\"elementor-heading-title elementor-size-default\">De l'\u00e9nergie verte locale \u00e0 un prix tr\u00e8s bas.<\/h2>\t\t\t\t<\/div>\n\t\t\t\t<\/div>\n\t\t\t\t<div class=\"elementor-element elementor-element-214246f elementor-widget__width-initial max-width elementor-widget elementor-widget-heading\" data-id=\"214246f\" data-element_type=\"widget\" data-widget_type=\"heading.default\">\n\t\t\t\t<div class=\"elementor-widget-container\">\n\t\t\t\t\t<span class=\"elementor-heading-title elementor-size-default\">Stroomgenoten fournit de l'\u00e9nergie 100 % \u00e9olienne et solaire, produite localement et \u00e0 des prix de gros.<\/span>\t\t\t\t<\/div>\n\t\t\t\t<\/div>\n\t\t\t\t<div class=\"elementor-element elementor-element-c8a2390 elementor-widget__width-initial elementor-widget elementor-widget-button\" data-id=\"c8a2390\" data-element_type=\"widget\" data-widget_type=\"button.default\">\n\t\t\t\t<div class=\"elementor-widget-container\">\n\t\t\t\t\t\t\t\t\t<div class=\"elementor-button-wrapper\">\n\t\t\t\t\t<a class=\"elementor-button elementor-button-link elementor-size-sm\" href=\"#calculator\">\n\t\t\t\t\t\t<span class=\"elementor-button-content-wrapper\">\n\t\t\t\t\t\t\t\t\t<span class=\"elementor-button-text\">Calculez votre prix maintenant et devenez client en 2 minutes<\/span>\n\t\t\t\t\t<\/span>\n\t\t\t\t\t<\/a>\n\t\t\t\t<\/div>\n\t\t\t\t\t\t\t\t<\/div>\n\t\t\t\t<\/div>\n\t\t\t\t\t<\/div>\n\t\t\t\t<\/div>\n\t\t<div class=\"elementor-element elementor-element-8938090 e-grid e-con-boxed e-con e-child\" data-id=\"8938090\" data-element_type=\"container\" data-settings=\"{&quot;background_background&quot;:&quot;classic&quot;}\">\n\t\t\t\t\t<div class=\"e-con-inner\">\n\t\t<div class=\"elementor-element elementor-element-c755efc e-con-full e-flex e-con e-child\" data-id=\"c755efc\" data-element_type=\"container\" data-settings=\"{&quot;background_background&quot;:&quot;classic&quot;}\">\n\t\t<div class=\"elementor-element elementor-element-bd49db4 e-flex e-con-boxed e-con e-child\" data-id=\"bd49db4\" data-element_type=\"container\">\n\t\t\t\t\t<div class=\"e-con-inner\">\n\t\t\t\t<div class=\"elementor-element elementor-element-5bd858a elementor-widget elementor-widget-image\" data-id=\"5bd858a\" data-element_type=\"widget\" data-widget_type=\"image.default\">\n\t\t\t\t<div class=\"elementor-widget-container\">\n\t\t\t\t\t\t\t\t\t\t\t\t\t\t\t<img fetchpriority=\"high\" decoding=\"async\" width=\"768\" height=\"768\" src=\"https:\/\/stg8921.aws.stroomgenoten.be\/wp-content\/uploads\/2024\/03\/Groene-energie-5.svg\" class=\"attachment-medium_large size-medium_large wp-image-1567\" alt=\"\" \/>\t\t\t\t\t\t\t\t\t\t\t\t\t\t\t<\/div>\n\t\t\t\t<\/div>\n\t\t\t\t<div class=\"elementor-element elementor-element-688fc5d elementor-widget elementor-widget-heading\" data-id=\"688fc5d\" data-element_type=\"widget\" data-widget_type=\"heading.default\">\n\t\t\t\t<div class=\"elementor-widget-container\">\n\t\t\t\t\t<h3 class=\"elementor-heading-title elementor-size-default\">\u00c9nergie verte<\/h3>\t\t\t\t<\/div>\n\t\t\t\t<\/div>\n\t\t\t\t<div class=\"elementor-element elementor-element-2d36ce7 elementor-hidden-mobile elementor-widget elementor-widget-heading\" data-id=\"2d36ce7\" data-element_type=\"widget\" data-widget_type=\"heading.default\">\n\t\t\t\t<div class=\"elementor-widget-container\">\n\t\t\t\t\t<h2 class=\"elementor-heading-title elementor-size-default\">Notre \u00e9nergie est 100 % renouvelable, produite \u00e0 partir du soleil et du vent, de pr\u00e9f\u00e9rence en Flandre.<\/h2>\t\t\t\t<\/div>\n\t\t\t\t<\/div>\n\t\t\t\t<div class=\"elementor-element elementor-element-f42df37 elementor-widget elementor-widget-heading\" data-id=\"f42df37\" data-element_type=\"widget\" data-widget_type=\"heading.default\">\n\t\t\t\t<div class=\"elementor-widget-container\">\n\t\t\t\t\t<p class=\"elementor-heading-title elementor-size-default\"><a href=\"https:\/\/stg8921.aws.stroomgenoten.be\/fr\/\">Lire la suite \u2192<\/a><\/p>\t\t\t\t<\/div>\n\t\t\t\t<\/div>\n\t\t\t\t\t<\/div>\n\t\t\t\t<\/div>\n\t\t\t\t<\/div>\n\t\t<div class=\"elementor-element elementor-element-3b6e7a9 e-con-full e-flex e-con e-child\" data-id=\"3b6e7a9\" data-element_type=\"container\" data-settings=\"{&quot;background_background&quot;:&quot;classic&quot;}\">\n\t\t<div class=\"elementor-element elementor-element-1eb2b59 e-flex e-con-boxed e-con e-child\" data-id=\"1eb2b59\" data-element_type=\"container\">\n\t\t\t\t\t<div class=\"e-con-inner\">\n\t\t\t\t<div class=\"elementor-element elementor-element-2658d60 elementor-widget elementor-widget-image\" data-id=\"2658d60\" data-element_type=\"widget\" data-widget_type=\"image.default\">\n\t\t\t\t<div class=\"elementor-widget-container\">\n\t\t\t\t\t\t\t\t\t\t\t\t\t\t\t<img decoding=\"async\" width=\"768\" height=\"768\" src=\"https:\/\/stg8921.aws.stroomgenoten.be\/wp-content\/uploads\/2024\/03\/leverancier-8.svg\" class=\"attachment-medium_large size-medium_large wp-image-1605\" alt=\"\" \/>\t\t\t\t\t\t\t\t\t\t\t\t\t\t\t<\/div>\n\t\t\t\t<\/div>\n\t\t\t\t<div class=\"elementor-element elementor-element-4b9a22e elementor-widget elementor-widget-heading\" data-id=\"4b9a22e\" data-element_type=\"widget\" data-widget_type=\"heading.default\">\n\t\t\t\t<div class=\"elementor-widget-container\">\n\t\t\t\t\t<h3 class=\"elementor-heading-title elementor-size-default\">Fournisseur local<\/h3>\t\t\t\t<\/div>\n\t\t\t\t<\/div>\n\t\t\t\t<div class=\"elementor-element elementor-element-7682d43 elementor-hidden-mobile elementor-widget elementor-widget-heading\" data-id=\"7682d43\" data-element_type=\"widget\" data-widget_type=\"heading.default\">\n\t\t\t\t<div class=\"elementor-widget-container\">\n\t\t\t\t\t<h2 class=\"elementor-heading-title elementor-size-default\">Stroomgenoten est un acteur local de l'\u00e9nergie par et pour les Flamands. Depuis mai 2019, plus de 70 000 m\u00e9nages flamands ont opt\u00e9 pour nos tarifs pr\u00e9f\u00e9rentiels.<\/h2>\t\t\t\t<\/div>\n\t\t\t\t<\/div>\n\t\t\t\t<div class=\"elementor-element elementor-element-facaa98 elementor-widget elementor-widget-heading\" data-id=\"facaa98\" data-element_type=\"widget\" data-widget_type=\"heading.default\">\n\t\t\t\t<div class=\"elementor-widget-container\">\n\t\t\t\t\t<p class=\"elementor-heading-title elementor-size-default\"><a href=\"https:\/\/stg8921.aws.stroomgenoten.be\/fr\/\">Lire la suite \u2192<\/a><\/p>\t\t\t\t<\/div>\n\t\t\t\t<\/div>\n\t\t\t\t\t<\/div>\n\t\t\t\t<\/div>\n\t\t\t\t<\/div>\n\t\t<div class=\"elementor-element elementor-element-f04e144 e-con-full e-flex e-con e-child\" data-id=\"f04e144\" data-element_type=\"container\" data-settings=\"{&quot;background_background&quot;:&quot;classic&quot;}\">\n\t\t<div class=\"elementor-element elementor-element-e42261b e-flex e-con-boxed e-con e-child\" data-id=\"e42261b\" data-element_type=\"container\">\n\t\t\t\t\t<div class=\"e-con-inner\">\n\t\t\t\t<div class=\"elementor-element elementor-element-0e6c1a3 elementor-widget elementor-widget-image\" data-id=\"0e6c1a3\" data-element_type=\"widget\" data-widget_type=\"image.default\">\n\t\t\t\t<div class=\"elementor-widget-container\">\n\t\t\t\t\t\t\t\t\t\t\t\t\t\t\t<img decoding=\"async\" width=\"768\" height=\"768\" src=\"https:\/\/stg8921.aws.stroomgenoten.be\/wp-content\/uploads\/2024\/03\/Voordelige-tarieven-10.svg\" class=\"attachment-medium_large size-medium_large wp-image-1603\" alt=\"\" \/>\t\t\t\t\t\t\t\t\t\t\t\t\t\t\t<\/div>\n\t\t\t\t<\/div>\n\t\t\t\t<div class=\"elementor-element elementor-element-9061ecf elementor-widget elementor-widget-heading\" data-id=\"9061ecf\" data-element_type=\"widget\" data-widget_type=\"heading.default\">\n\t\t\t\t<div class=\"elementor-widget-container\">\n\t\t\t\t\t<h3 class=\"elementor-heading-title elementor-size-default\">Tarifs comp\u00e9titifs<\/h3>\t\t\t\t<\/div>\n\t\t\t\t<\/div>\n\t\t\t\t<div class=\"elementor-element elementor-element-3b2f3b4 elementor-hidden-mobile elementor-widget elementor-widget-heading\" data-id=\"3b2f3b4\" data-element_type=\"widget\" data-widget_type=\"heading.default\">\n\t\t\t\t<div class=\"elementor-widget-container\">\n\t\t\t\t\t<h2 class=\"elementor-heading-title elementor-size-default\">Power Associates fournit de l'\u00e9nergie \u00e0 des prix de gros. Vous n'\u00eates pas convaincu? V\u00e9rifier le comparateur de prix ind\u00e9pendant du gouvernement, via le test V.<\/h2>\t\t\t\t<\/div>\n\t\t\t\t<\/div>\n\t\t\t\t<div class=\"elementor-element elementor-element-98bc406 elementor-widget elementor-widget-heading\" data-id=\"98bc406\" data-element_type=\"widget\" data-widget_type=\"heading.default\">\n\t\t\t\t<div class=\"elementor-widget-container\">\n\t\t\t\t\t<p class=\"elementor-heading-title elementor-size-default\"><a href=\"https:\/\/stg8921.aws.stroomgenoten.be\/fr\/\">Lire la suite \u2192<\/a><\/p>\t\t\t\t<\/div>\n\t\t\t\t<\/div>\n\t\t\t\t\t<\/div>\n\t\t\t\t<\/div>\n\t\t\t\t<\/div>\n\t\t\t\t\t<\/div>\n\t\t\t\t<\/div>\n\t\t\t\t\t<\/div>\n\t\t\t\t<\/div>\n\t\t<div class=\"elementor-element elementor-element-d066285 e-con-full e-flex e-con e-parent\" data-id=\"d066285\" data-element_type=\"container\" data-settings=\"{&quot;background_background&quot;:&quot;classic&quot;}\">\n\t\t\t\t<div class=\"elementor-element elementor-element-6e6c087 elementor-widget elementor-widget-shortcode\" data-id=\"6e6c087\" data-element_type=\"widget\" id=\"calculator\" data-widget_type=\"shortcode.default\">\n\t\t\t\t<div class=\"elementor-widget-container\">\n\t\t\t\t\t\t\t<div class=\"elementor-shortcode\">  <div id=\"react-calculator-6a08ab2465595\"><\/div>\n  <script>\n    document.addEventListener(\"DOMContentLoaded\", (event) => {\n      window.createCalculator(document.querySelector('#react-calculator-6a08ab2465595'), {\"tenant\":\"INTRIMM\",\"brand\":\"STROOMGENOTEN\",\"translation-environment\":\"WORDPRESS\",\"registration-link-nl\":\"https:\\\/\\\/stg8921.stroomgenoten.be\\\/nl\\\/registration\",\"registration-link-en\":\"https:\\\/\\\/stg8921.stroomgenoten.be\\\/registration\",\"registration-link-fr\":\"https:\\\/\\\/stg8921.stroomgenoten.be\\\/fr\\\/registration\",\"client-type-default\":\"PRIVATE\",\"product-type-default\":\"ELECTRICITY\",\"contract-type-default\":\"NO_PREFERENCE\",\"installment-type-default\":\"MONTHLY\",\"payment-type-default\":\"DIRECT_DEBIT\",\"show-usage-overview\":\"TRUE\",\"request-source\":\"WebSite\"})\n    });\n  <\/script>\n  <style>\n    #react-calculator-6a08ab2465595 {\n      max-width: 100%;\n    }\n  <\/style>\n  <\/div>\n\t\t\t\t\t\t<\/div>\n\t\t\t\t<\/div>\n\t\t\t\t<\/div>\n\t\t<div class=\"elementor-element elementor-element-fce3064 e-flex e-con-boxed e-con e-parent\" data-id=\"fce3064\" data-element_type=\"container\">\n\t\t\t\t\t<div class=\"e-con-inner\">\n\t\t\t\t<div class=\"elementor-element elementor-element-549ba1e elementor-widget elementor-widget-image\" data-id=\"549ba1e\" data-element_type=\"widget\" data-widget_type=\"image.default\">\n\t\t\t\t<div class=\"elementor-widget-container\">\n\t\t\t\t\t\t\t\t\t\t\t\t\t\t\t<img loading=\"lazy\" decoding=\"async\" width=\"1024\" height=\"476\" src=\"https:\/\/stg8921.aws.stroomgenoten.be\/wp-content\/uploads\/2024\/04\/Illustratie.svg\" class=\"attachment-large size-large wp-image-2466\" alt=\"\" \/>\t\t\t\t\t\t\t\t\t\t\t\t\t\t\t<\/div>\n\t\t\t\t<\/div>\n\t\t\t\t\t<\/div>\n\t\t\t\t<\/div>\n\t\t\t\t<\/div>\n\t\t","protected":false},"excerpt":{"rendered":"<p>De l&rsquo;\u00e9nergie verte locale \u00e0 un prix tr\u00e8s bas. Stroomgenoten fournit de l&rsquo;\u00e9nergie 100 % \u00e9olienne et solaire, produite localement [&hellip;]<\/p>\n","protected":false},"author":1,"featured_media":0,"parent":0,"menu_order":0,"comment_status":"closed","ping_status":"closed","template":"","meta":{"_acf_changed":false,"inline_featured_image":false,"site-sidebar-layout":"no-sidebar","site-content-layout":"","ast-site-content-layout":"full-width-container","site-content-style":"default","site-sidebar-style":"default","ast-global-header-display":"","ast-banner-title-visibility":"","ast-main-header-display":"","ast-hfb-above-header-display":"","ast-hfb-below-header-display":"","ast-hfb-mobile-header-display":"","site-post-title":"disabled","ast-breadcrumbs-content":"","ast-featured-img":"disabled","footer-sml-layout":"","theme-transparent-header-meta":"","adv-header-id-meta":"","stick-header-meta":"","header-above-stick-meta":"","header-main-stick-meta":"","header-below-stick-meta":"","astra-migrate-meta-layouts":"default","ast-page-background-enabled":"default","ast-page-background-meta":{"desktop":{"background-color":"var(--ast-global-color-4)","background-image":"","background-repeat":"repeat","background-position":"center center","background-size":"auto","background-attachment":"scroll","background-type":"","background-media":"","overlay-type":"","overlay-color":"","overlay-opacity":"","overlay-gradient":""},"tablet":{"background-color":"","background-image":"","background-repeat":"repeat","background-position":"center center","background-size":"auto","background-attachment":"scroll","background-type":"","background-media":"","overlay-type":"","overlay-color":"","overlay-opacity":"","overlay-gradient":""},"mobile":{"background-color":"","background-image":"","background-repeat":"repeat","background-position":"center center","background-size":"auto","background-attachment":"scroll","background-type":"","background-media":"","overlay-type":"","overlay-color":"","overlay-opacity":"","overlay-gradient":""}},"ast-content-background-meta":{"desktop":{"background-color":"var(--ast-global-color-5)","background-image":"","background-repeat":"repeat","background-position":"center center","background-size":"auto","background-attachment":"scroll","background-type":"","background-media":"","overlay-type":"","overlay-color":"","overlay-opacity":"","overlay-gradient":""},"tablet":{"background-color":"var(--ast-global-color-5)","background-image":"","background-repeat":"repeat","background-position":"center center","background-size":"auto","background-attachment":"scroll","background-type":"","background-media":"","overlay-type":"","overlay-color":"","overlay-opacity":"","overlay-gradient":""},"mobile":{"background-color":"var(--ast-global-color-5)","background-image":"","background-repeat":"repeat","background-position":"center center","background-size":"auto","background-attachment":"scroll","background-type":"","background-media":"","overlay-type":"","overlay-color":"","overlay-opacity":"","overlay-gradient":""}},"footnotes":""},"class_list":["post-3992","page","type-page","status-publish","hentry"],"acf":[],"_links":{"self":[{"href":"https:\/\/stg8921.aws.stroomgenoten.be\/fr\/wp-json\/wp\/v2\/pages\/3992","targetHints":{"allow":["GET"]}}],"collection":[{"href":"https:\/\/stg8921.aws.stroomgenoten.be\/fr\/wp-json\/wp\/v2\/pages"}],"about":[{"href":"https:\/\/stg8921.aws.stroomgenoten.be\/fr\/wp-json\/wp\/v2\/types\/page"}],"author":[{"embeddable":true,"href":"https:\/\/stg8921.aws.stroomgenoten.be\/fr\/wp-json\/wp\/v2\/users\/1"}],"replies":[{"embeddable":true,"href":"https:\/\/stg8921.aws.stroomgenoten.be\/fr\/wp-json\/wp\/v2\/comments?post=3992"}],"version-history":[{"count":37,"href":"https:\/\/stg8921.aws.stroomgenoten.be\/fr\/wp-json\/wp\/v2\/pages\/3992\/revisions"}],"predecessor-version":[{"id":4848,"href":"https:\/\/stg8921.aws.stroomgenoten.be\/fr\/wp-json\/wp\/v2\/pages\/3992\/revisions\/4848"}],"wp:attachment":[{"href":"https:\/\/stg8921.aws.stroomgenoten.be\/fr\/wp-json\/wp\/v2\/media?parent=3992"}],"curies":[{"name":"wp","href":"https:\/\/api.w.org\/{rel}","templated":true}]}}